{"id":2,"date":"2021-10-06T10:20:15","date_gmt":"2021-10-06T10:20:15","guid":{"rendered":"http:\/\/imresorts.com\/?page_id=2"},"modified":"2021-10-06T15:00:49","modified_gmt":"2021-10-06T15:00:49","slug":"o-nas","status":"publish","type":"page","link":"https:\/\/imresorts.com\/index.php\/o-nas\/","title":{"rendered":"WYNAJEM POWIERZCHNI I OBS\u0141UGA IMPREZ"},"content":{"rendered":"<h5>_______________<\/h5>\n<h5><strong><em>DOMY I APARTAMENTY<\/em><\/strong><\/h5>\n<h5><strong><em>W mie\u015bcie, w g\u00f3rach i nad jeziorem<\/em><\/strong><\/h5>\n<ul>\n<li>\n<h5><em>To nie pensjonat, hotel, czy agroturystyka.<\/em><\/h5>\n<\/li>\n<li>\n<h5><em>Wybierasz miejsce, kt\u00f3re si\u0119 Tobie podoba i przyje\u017cd\u017casz jak do siebie.<\/em><\/h5>\n<\/li>\n<li>\n<h5><em>Mo\u017cliwo\u015b\u0107 sta\u0142ej rezerwacji w\u0142asnej na indywidualnych warunkach.<\/em><\/h5>\n<\/li>\n<li>\n<h5><em>Dla zainteresowanych grup oferujemy mo\u017cliwo\u015b\u0107 organizacji dodatkowych atrakcji czy pocz\u0119stunku.<\/em><\/h5>\n<\/li>\n<\/ul>\n<h5><strong><em>Oferujemy r\u00f3wnie\u017c mo\u017cliwo\u015b\u0107 wynajmu powierzchni handlowo\/us\u0142ugowych oraz reklamowych w strategicznych miejscach na Podbeskidziu.<\/em><\/strong><\/h5>\n<h5><em>Zapraszamy:<\/em><\/h5>\n<h5><em><a href=\"http:\/\/www.weekendwbeskidach.pl\" target=\"_blank\" rel=\"noopener\">www.weekendwbeskidach.pl<\/a><\/em><\/h5>\n<h5><\/h5>\n<p><img loading=\"lazy\" decoding=\"async\" class=\"aligncenter wp-image-47 size-medium\" src=\"https:\/\/imresorts.com\/wp-content\/uploads\/2021\/10\/LOGO-300x196.png\" alt=\"\" width=\"300\" height=\"196\" srcset=\"https:\/\/imresorts.com\/wp-content\/uploads\/2021\/10\/LOGO-300x196.png 300w, https:\/\/imresorts.com\/wp-content\/uploads\/2021\/10\/LOGO-1024x667.png 1024w, https:\/\/imresorts.com\/wp-content\/uploads\/2021\/10\/LOGO-768x501.png 768w, https:\/\/imresorts.com\/wp-content\/uploads\/2021\/10\/LOGO-1536x1001.png 1536w, https:\/\/imresorts.com\/wp-content\/uploads\/2021\/10\/LOGO.png 1694w\" sizes=\"auto, (max-width: 300px) 100vw, 300px\" \/><\/p>\n","protected":false},"excerpt":{"rendered":"<p>_______________ DOMY I APARTAMENTY W mie\u015bcie, w g\u00f3rach i nad jeziorem To nie pensjonat, hotel, czy agroturystyka. Wybierasz miejsce, kt\u00f3re si\u0119 Tobie podoba i przyje\u017cd\u017casz jak do siebie. Mo\u017cliwo\u015b\u0107 sta\u0142ej rezerwacji w\u0142asnej na indywidualnych warunkach. Dla zainteresowanych grup oferujemy mo\u017cliwo\u015b\u0107 organizacji dodatkowych atrakcji czy pocz\u0119stunku. Oferujemy r\u00f3wnie\u017c mo\u017cliwo\u015b\u0107 wynajmu powierzchni handlowo\/us\u0142ugowych oraz reklamowych w strategicznych [&hellip;]<\/p>\n","protected":false},"author":1,"featured_media":137,"parent":0,"menu_order":0,"comment_status":"closed","ping_status":"open","template":"","meta":{"footnotes":""},"class_list":["post-2","page","type-page","status-publish","has-post-thumbnail","czr-hentry"],"_links":{"self":[{"href":"https:\/\/imresorts.com\/index.php\/wp-json\/wp\/v2\/pages\/2","targetHints":{"allow":["GET"]}}],"collection":[{"href":"https:\/\/imresorts.com\/index.php\/wp-json\/wp\/v2\/pages"}],"about":[{"href":"https:\/\/imresorts.com\/index.php\/wp-json\/wp\/v2\/types\/page"}],"author":[{"embeddable":true,"href":"https:\/\/imresorts.com\/index.php\/wp-json\/wp\/v2\/users\/1"}],"replies":[{"embeddable":true,"href":"https:\/\/imresorts.com\/index.php\/wp-json\/wp\/v2\/comments?post=2"}],"version-history":[{"count":24,"href":"https:\/\/imresorts.com\/index.php\/wp-json\/wp\/v2\/pages\/2\/revisions"}],"predecessor-version":[{"id":174,"href":"https:\/\/imresorts.com\/index.php\/wp-json\/wp\/v2\/pages\/2\/revisions\/174"}],"wp:featuredmedia":[{"embeddable":true,"href":"https:\/\/imresorts.com\/index.php\/wp-json\/wp\/v2\/media\/137"}],"wp:attachment":[{"href":"https:\/\/imresorts.com\/index.php\/wp-json\/wp\/v2\/media?parent=2"}],"curies":[{"name":"wp","href":"https:\/\/api.w.org\/{rel}","templated":true}]}}