{"id":171,"date":"2021-10-06T14:55:11","date_gmt":"2021-10-06T14:55:11","guid":{"rendered":"http:\/\/imresorts.com\/?page_id=171"},"modified":"2021-10-06T18:20:21","modified_gmt":"2021-10-06T18:20:21","slug":"sprzedaz-hurtowa","status":"publish","type":"page","link":"https:\/\/imresorts.com\/index.php\/sprzedaz-hurtowa\/","title":{"rendered":"SPRZEDA\u017b HURTOWA"},"content":{"rendered":"<h5>_______________<\/h5>\n<h5><em>Poszukuj\u0105 Pa\u0144stwo sprawdzonych produkt\u00f3w dla swoich pracownik\u00f3w, na event lub do swojej oferty sklepowej?<\/em><\/h5>\n<ul>\n<li><em>Zapraszamy do wsp\u00f3\u0142pracy hurtowej. <\/em><\/li>\n<li><em>Oferujemy konkurencyjne warunki oraz szerokie wsparcie w zakresie wprowadzania produkt\u00f3w do oferty.\u00a0\u00a0<\/em><\/li>\n<li><em>Wsp\u00f3\u0142pracujemy ze sprawdzonymi producentami, jak r\u00f3wnie\u017c jeste\u015bmy importerem wybranych produkt\u00f3w z posiadanej oferty.<\/em><\/li>\n<\/ul>\n<h5><em>Zapraszamy do zapoznania\u00a0si\u0119 z ofert\u0105 naszych w\u0142asnych sklep\u00f3w:<\/em><\/h5>\n<ul>\n<li><a href=\"http:\/\/www.RudyRalph.pl\" target=\"_blank\" rel=\"noopener\"><em>www.RudyRalph.pl<\/em><\/a><\/li>\n<li><a href=\"http:\/\/www.Energia-Sport.pl\" target=\"_blank\" rel=\"noopener\"><em>www.Energia-Sport.pl<\/em><\/a><\/li>\n<\/ul>\n<h5><em>Zapraszamy r\u00f3wnie\u017c do zapoznania si\u0119 z ofert\u0105 sklep\u00f3w obs\u0142ugiwanych przez nasz\u0105 firm\u0119:<\/em><\/h5>\n<ul>\n<li><a href=\"http:\/\/www.gabel.com.pl\" target=\"_blank\" rel=\"noopener\"><em>www.gabel.com.pl<\/em><\/a><\/li>\n<li><a href=\"http:\/\/www.sport-ledlenser.pl\" target=\"_blank\" rel=\"noopener\"><em>www.sport-ledlenser.pl<\/em><\/a><\/li>\n<li><a href=\"http:\/\/www.alpencosmetics.com\" target=\"_blank\" rel=\"noopener\"><em>www.alpencosmetics.com<\/em><\/a><\/li>\n<li><a href=\"http:\/\/www.onlyhot.pl\" target=\"_blank\" rel=\"noopener\"><em>www.onlyhot.pl<\/em><\/a><\/li>\n<\/ul>\n<p>&nbsp;<\/p>\n<p><img loading=\"lazy\" decoding=\"async\" class=\"size-medium wp-image-215 aligncenter\" src=\"https:\/\/imresorts.com\/wp-content\/uploads\/2021\/10\/rudyralph-300x91.png\" alt=\"\" width=\"300\" height=\"91\" srcset=\"https:\/\/imresorts.com\/wp-content\/uploads\/2021\/10\/rudyralph-300x91.png 300w, https:\/\/imresorts.com\/wp-content\/uploads\/2021\/10\/rudyralph-1024x312.png 1024w, https:\/\/imresorts.com\/wp-content\/uploads\/2021\/10\/rudyralph-768x234.png 768w, https:\/\/imresorts.com\/wp-content\/uploads\/2021\/10\/rudyralph.png 1126w\" sizes=\"auto, (max-width: 300px) 100vw, 300px\" \/><\/p>\n<p><img loading=\"lazy\" decoding=\"async\" class=\"size-medium wp-image-213 aligncenter\" src=\"https:\/\/imresorts.com\/wp-content\/uploads\/2021\/10\/Energia_Sport_png-212x300.png\" alt=\"\" width=\"212\" height=\"300\" srcset=\"https:\/\/imresorts.com\/wp-content\/uploads\/2021\/10\/Energia_Sport_png-212x300.png 212w, https:\/\/imresorts.com\/wp-content\/uploads\/2021\/10\/Energia_Sport_png-724x1024.png 724w, https:\/\/imresorts.com\/wp-content\/uploads\/2021\/10\/Energia_Sport_png-768x1086.png 768w, https:\/\/imresorts.com\/wp-content\/uploads\/2021\/10\/Energia_Sport_png.png 794w\" sizes=\"auto, (max-width: 212px) 100vw, 212px\" \/><\/p>\n","protected":false},"excerpt":{"rendered":"<p>_______________ Poszukuj\u0105 Pa\u0144stwo sprawdzonych produkt\u00f3w dla swoich pracownik\u00f3w, na event lub do swojej oferty sklepowej? Zapraszamy do wsp\u00f3\u0142pracy hurtowej. Oferujemy konkurencyjne warunki oraz szerokie wsparcie w zakresie wprowadzania produkt\u00f3w do oferty.\u00a0\u00a0 Wsp\u00f3\u0142pracujemy ze sprawdzonymi producentami, jak r\u00f3wnie\u017c jeste\u015bmy importerem wybranych produkt\u00f3w z posiadanej oferty. Zapraszamy do zapoznania\u00a0si\u0119 z ofert\u0105 naszych w\u0142asnych sklep\u00f3w: www.RudyRalph.pl www.Energia-Sport.pl Zapraszamy [&hellip;]<\/p>\n","protected":false},"author":1,"featured_media":213,"parent":0,"menu_order":0,"comment_status":"closed","ping_status":"closed","template":"","meta":{"footnotes":""},"class_list":["post-171","page","type-page","status-publish","has-post-thumbnail","czr-hentry"],"_links":{"self":[{"href":"https:\/\/imresorts.com\/index.php\/wp-json\/wp\/v2\/pages\/171","targetHints":{"allow":["GET"]}}],"collection":[{"href":"https:\/\/imresorts.com\/index.php\/wp-json\/wp\/v2\/pages"}],"about":[{"href":"https:\/\/imresorts.com\/index.php\/wp-json\/wp\/v2\/types\/page"}],"author":[{"embeddable":true,"href":"https:\/\/imresorts.com\/index.php\/wp-json\/wp\/v2\/users\/1"}],"replies":[{"embeddable":true,"href":"https:\/\/imresorts.com\/index.php\/wp-json\/wp\/v2\/comments?post=171"}],"version-history":[{"count":6,"href":"https:\/\/imresorts.com\/index.php\/wp-json\/wp\/v2\/pages\/171\/revisions"}],"predecessor-version":[{"id":224,"href":"https:\/\/imresorts.com\/index.php\/wp-json\/wp\/v2\/pages\/171\/revisions\/224"}],"wp:featuredmedia":[{"embeddable":true,"href":"https:\/\/imresorts.com\/index.php\/wp-json\/wp\/v2\/media\/213"}],"wp:attachment":[{"href":"https:\/\/imresorts.com\/index.php\/wp-json\/wp\/v2\/media?parent=171"}],"curies":[{"name":"wp","href":"https:\/\/api.w.org\/{rel}","templated":true}]}}